{"id":82,"date":"2013-12-30T23:09:35","date_gmt":"2013-12-30T21:09:35","guid":{"rendered":"http:\/\/53946358.swh.strato-hosting.eu\/wordpress\/?page_id=82"},"modified":"2022-04-06T16:50:23","modified_gmt":"2022-04-06T14:50:23","slug":"presse-2","status":"publish","type":"page","link":"https:\/\/www.melanie-dombrowski.de\/wordpress\/?page_id=82","title":{"rendered":"Zeitungsartikel"},"content":{"rendered":"\n<h4 class=\"wp-block-heading\">Familienanzeigen im G\u00f6ttinger Tageblatt<\/h4>\n\n\n\n<p><a title=\"\" rel=\"noopener\" href=\"http:\/\/melanie-dombrowski.de\/anzeigen\/anzeige.jpg\" target=\"_blank\" data-rel=\"lightbox-gallery-ur61NW1m\" data-magnific_type=\"image\" data-rl_title=\"\" data-rl_caption=\"\">Anzeige von Gerd, Renate, Christian und Bastian<\/a><br><a title=\"\" rel=\"noopener\" href=\"http:\/\/melanie-dombrowski.de\/anzeigen\/anzeige1.jpg\" target=\"_blank\" data-rel=\"lightbox-gallery-ur61NW1m\" data-magnific_type=\"image\" data-rl_title=\"\" data-rl_caption=\"\">Anzeige von Haui &amp; Ilona, Melli &amp; Marc, Achim, Alti, Kiki, Colle und Inga<\/a><br><a title=\"\" rel=\"noopener\" href=\"http:\/\/melanie-dombrowski.de\/anzeigen\/anzeige2.jpg\" target=\"_blank\" data-rel=\"lightbox-gallery-ur61NW1m\" data-magnific_type=\"image\" data-rl_title=\"\" data-rl_caption=\"\">Anzeige der Domino Spielothek<\/a><br><a title=\"\" rel=\"noopener\" href=\"http:\/\/melanie-dombrowski.de\/anzeigen\/anzeige3.jpg\" target=\"_blank\" data-rel=\"lightbox-gallery-ur61NW1m\" data-magnific_type=\"image\" data-rl_title=\"\" data-rl_caption=\"\">Anzeige der Freien Waldorfschule G\u00f6ttingen<\/a><br><a title=\"\" rel=\"noopener\" href=\"http:\/\/melanie-dombrowski.de\/anzeigen\/anzeige4.jpg\" target=\"_blank\" data-rel=\"lightbox-gallery-ur61NW1m\" data-magnific_type=\"image\" data-rl_title=\"\" data-rl_caption=\"\">Anzeige von Gerd, Renate, Christian und Bastian<\/a><br><a title=\"\" rel=\"noopener\" href=\"http:\/\/melanie-dombrowski.de\/anzeigen\/anzeige16.jpg\" target=\"_blank\" data-rel=\"lightbox-gallery-ur61NW1m\" data-magnific_type=\"image\" data-rl_title=\"\" data-rl_caption=\"\">Anzeige von Gerd, Renate, Christian und Bastian zum Todestag<\/a><br><a title=\"\" rel=\"noopener\" href=\"http:\/\/melanie-dombrowski.de\/anzeigen\/anzeige38.jpg\" target=\"_blank\" data-rel=\"lightbox-gallery-ur61NW1m\" data-magnific_type=\"image\" data-rl_title=\"\" data-rl_caption=\"\">Anzeige von Gerd zum Todestag<\/a><br><a href=\"http:\/\/melanie-dombrowski.de\/anzeigen\/anzeige39.jpg\" target=\"_blank\" rel=\"noreferrer noopener\" data-rel=\"lightbox-gallery-ur61NW1m\" data-magnific_type=\"image\" data-rl_title=\"\" data-rl_caption=\"\" title=\"\">Anzeige von Gerd zum 20. Todestag<\/a><\/p>\n\n\n\n<h6 class=\"wp-block-heading\">&nbsp;<\/h6>\n\n\n\n<h4 class=\"wp-block-heading\">Presseberichte zur Tat (G\u00f6ttinger Tageblatt)<\/h4>\n\n\n\n<p>02.04.2002 <a rel=\"noopener\" href=\"http:\/\/melanie-dombrowski.de\/anzeigen\/anzeige14.jpg\" target=\"_blank\" data-rel=\"lightbox-gallery-ur61NW1m\" data-magnific_type=\"image\" data-rl_title=\"\" data-rl_caption=\"\" title=\"\">&#8222;Blutiger Mord in Spielhalle?&#8220;<\/a><br><a rel=\"noopener\" href=\"http:\/\/melanie-dombrowski.de\/anzeigen\/anzeige13.jpg\" target=\"_blank\" data-rel=\"lightbox-gallery-ur61NW1m\" data-magnific_type=\"image\" data-rl_title=\"\" data-rl_caption=\"\" title=\"\">&#8222;Brutaler Unbekannter mordet f\u00fcr 800 Euro&#8220;<\/a><br><a rel=\"noopener\" href=\"http:\/\/melanie-dombrowski.de\/anzeigen\/anzeige11.jpg\" target=\"_blank\" data-rel=\"lightbox-gallery-ur61NW1m\" data-magnific_type=\"image\" data-rl_title=\"\" data-rl_caption=\"\" title=\"\">&#8222;War Raub Tatmotiv?&#8220;<\/a><br><a rel=\"noopener\" href=\"http:\/\/melanie-dombrowski.de\/anzeigen\/anzeige12.jpg\" target=\"_blank\" data-rel=\"lightbox-gallery-ur61NW1m\" data-magnific_type=\"image\" data-rl_title=\"\" data-rl_caption=\"\" title=\"\">&#8222;5000 Euro f\u00fcr hei\u00dfe Spur&#8220;<\/a><br>13.04.2002 <a rel=\"noopener\" href=\"http:\/\/melanie-dombrowski.de\/anzeigen\/anzeige10.jpg\" target=\"_blank\" data-rel=\"lightbox-gallery-ur61NW1m\" data-magnific_type=\"image\" data-rl_title=\"\" data-rl_caption=\"\" title=\"\">&#8222;Schlug Spielhallen-M\u00f6rder schon einmal zu?&#8220;<\/a><br>16.04.2002 <a rel=\"noopener\" href=\"http:\/\/melanie-dombrowski.de\/anzeigen\/anzeige6.jpg\" target=\"_blank\" data-rel=\"lightbox-gallery-ur61NW1m\" data-magnific_type=\"image\" data-rl_title=\"\" data-rl_caption=\"\" title=\"\">&#8222;50 hei\u00dfe Hinweise zum Spielhallen-Mord&#8220;<\/a><br>17.04.2002 <a rel=\"noopener\" href=\"http:\/\/melanie-dombrowski.de\/anzeigen\/anzeige7.jpg\" target=\"_blank\" data-rel=\"lightbox-gallery-ur61NW1m\" data-magnific_type=\"image\" data-rl_title=\"\" data-rl_caption=\"\" title=\"\">&#8222;Zehn M\u00e4nner im Verdacht&#8220;<\/a><br>30.04.2002 <a rel=\"noopener\" href=\"http:\/\/melanie-dombrowski.de\/anzeigen\/anzeige8.jpg\" target=\"_blank\" data-rel=\"lightbox-gallery-ur61NW1m\" data-magnific_type=\"image\" data-rl_title=\"\" data-rl_caption=\"\" title=\"\">&#8222;Raubmord: Polizei fasst Verd\u00e4chtigen&#8220;<\/a><br><a rel=\"noopener\" href=\"http:\/\/melanie-dombrowski.de\/anzeigen\/anzeige9.jpg\" target=\"_blank\" data-rel=\"lightbox-gallery-ur61NW1m\" data-magnific_type=\"image\" data-rl_title=\"\" data-rl_caption=\"\" title=\"\">&#8222;800 Euro Beute&#8220;<\/a><br>02.05.2002 <a rel=\"noopener\" href=\"http:\/\/melanie-dombrowski.de\/anzeigen\/anzeige5.jpg\" target=\"_blank\" data-rel=\"lightbox-gallery-ur61NW1m\" data-magnific_type=\"image\" data-rl_title=\"\" data-rl_caption=\"\" title=\"\">&#8222;Hinweise von Lesern f\u00fchren zu Festnahme des M\u00f6rders&#8220;<\/a><br>01.07.2002 <a rel=\"noopener\" href=\"http:\/\/melanie-dombrowski.de\/anzeigen\/anzeige23.jpg\" target=\"_blank\" data-rel=\"lightbox-gallery-ur61NW1m\" data-magnific_type=\"image\" data-rl_title=\"\" data-rl_caption=\"\" title=\"\">&#8222;Internationales Tauziehen um Adelebsen-M\u00f6rder&#8220;<\/a><br>10.10.2002 <a rel=\"noopener\" href=\"http:\/\/melanie-dombrowski.de\/anzeigen\/anzeige24.jpg\" target=\"_blank\" data-rel=\"lightbox-gallery-ur61NW1m\" data-magnific_type=\"image\" data-rl_title=\"\" data-rl_caption=\"\" title=\"\">&#8222;M\u00f6rder wird ausgeliefert&#8220;<\/a><br>28.12.2002 <a rel=\"noopener\" href=\"http:\/\/melanie-dombrowski.de\/anzeigen\/anzeige22.jpg\" target=\"_blank\" data-rel=\"lightbox-gallery-ur61NW1m\" data-magnific_type=\"image\" data-rl_title=\"\" data-rl_caption=\"\" title=\"\">&#8222;Mord in Spielhalle&#8220;<\/a><br>22.03.2003 <a rel=\"noopener\" href=\"http:\/\/melanie-dombrowski.de\/anzeigen\/anzeige15.jpg\" target=\"_blank\" data-rel=\"lightbox-gallery-ur61NW1m\" data-magnific_type=\"image\" data-rl_title=\"\" data-rl_caption=\"\" title=\"\">&#8222;DNA \u00fcberf\u00fchrt Libanesen weiterer Tat&#8220;<\/a><\/p>\n\n\n\n<h6 class=\"wp-block-heading\">&nbsp;<\/h6>\n\n\n\n<h4 class=\"wp-block-heading\">Presseberichte zur Gerichtsverhandlung (G\u00f6ttinger Tageblatt)<\/h4>\n\n\n\n<p>28.05.2003 <a rel=\"noopener\" href=\"http:\/\/melanie-dombrowski.de\/anzeigen\/anzeige17.jpg\" target=\"_blank\" data-rel=\"lightbox-gallery-ur61NW1m\" data-magnific_type=\"image\" data-rl_title=\"\" data-rl_caption=\"\" title=\"\">&#8222;Schulterzuckende Entschuldigung \/ Vorw\u00fcrfe der Familie&#8220;<\/a><br>30.05.2003 <a rel=\"noopener\" href=\"http:\/\/melanie-dombrowski.de\/anzeigen\/anzeige18.jpg\" target=\"_blank\" data-rel=\"lightbox-gallery-ur61NW1m\" data-magnific_type=\"image\" data-rl_title=\"\" data-rl_caption=\"\" title=\"\">&#8222;Sofort an den Comicshop gedacht&#8220;<\/a><br>13.06.2003 <a rel=\"noopener\" href=\"http:\/\/melanie-dombrowski.de\/anzeigen\/anzeige20.jpg\" target=\"_blank\" data-rel=\"lightbox-gallery-ur61NW1m\" data-magnific_type=\"image\" data-rl_title=\"\" data-rl_caption=\"\" title=\"\">&#8222;Wutausbruch im Gericht&#8220;<\/a><br>18.07.2003 <a rel=\"noopener\" href=\"http:\/\/melanie-dombrowski.de\/anzeigen\/anzeige26.jpg\" target=\"_blank\" data-rel=\"lightbox-gallery-ur61NW1m\" data-magnific_type=\"image\" data-rl_title=\"\" data-rl_caption=\"\" title=\"\">&#8222;Angeklagter flippt wieder aus&#8220;<\/a><br>10.09.2003 <a rel=\"noopener\" href=\"http:\/\/melanie-dombrowski.de\/anzeigen\/anzeige30.jpg\" target=\"_blank\" data-rel=\"lightbox-gallery-ur61NW1m\" data-magnific_type=\"image\" data-rl_title=\"\" data-rl_caption=\"\" title=\"\">&#8222;Gutachter sind sich einig: Angeklagter voll verantwortlich&#8220;<\/a><br>12.09.2003 <a rel=\"noopener\" href=\"http:\/\/melanie-dombrowski.de\/anzeigen\/anzeige31.jpg\" target=\"_blank\" data-rel=\"lightbox-gallery-ur61NW1m\" data-magnific_type=\"image\" data-rl_title=\"\" data-rl_caption=\"\" title=\"\">&#8222;Menschenverachtender Vernichtungswille&#8220;<\/a><br>19.09.2003 <a rel=\"noopener\" href=\"http:\/\/melanie-dombrowski.de\/anzeigen\/anzeige32.jpg\" target=\"_blank\" data-rel=\"lightbox-gallery-ur61NW1m\" data-magnific_type=\"image\" data-rl_title=\"\" data-rl_caption=\"\" title=\"\">&#8222;Wut und Frust, weil mich keiner haben wollte&#8220;<\/a><br>30.09.2003 <a rel=\"noopener\" href=\"http:\/\/melanie-dombrowski.de\/anzeigen\/anzeige34.jpg\" target=\"_blank\" data-rel=\"lightbox-gallery-ur61NW1m\" data-magnific_type=\"image\" data-rl_title=\"\" data-rl_caption=\"\" title=\"\">&#8222;Lebenslang f\u00fcr Spielhallen-Mord in Adelebsen&#8220;<\/a><br>12.03.2004 <a rel=\"noopener\" href=\"http:\/\/melanie-dombrowski.de\/anzeigen\/anzeige36.jpg\" target=\"_blank\" data-rel=\"lightbox-gallery-ur61NW1m\" data-magnific_type=\"image\" data-rl_title=\"\" data-rl_caption=\"\" title=\"\">&#8222;Mord-Urteil rechtskr\u00e4ftig&#8220;<\/a><br>Leserbrief: <a rel=\"noopener\" href=\"http:\/\/melanie-dombrowski.de\/anzeigen\/anzeige29.jpg\" target=\"_blank\" data-rel=\"lightbox-gallery-ur61NW1m\" data-magnific_type=\"image\" data-rl_title=\"\" data-rl_caption=\"\" title=\"\">&#8222;Ablauf der Verhandlung unverh\u00e4ltnism\u00e4\u00dfig mit bestimmt&#8220;<\/a><br>27.10.2006 <a rel=\"noopener\" href=\"http:\/\/melanie-dombrowski.de\/anzeigen\/anzeige37.jpg\" target=\"_blank\" data-rel=\"lightbox-gallery-ur61NW1m\" data-magnific_type=\"image\" data-rl_title=\"\" data-rl_caption=\"\" title=\"\">&#8222;Weitere 30 Jahre f\u00fcr brutalen \u00dcberfall&#8220;<\/a><\/p>\n\n\n\n<h6 class=\"wp-block-heading\">&nbsp;<\/h6>\n\n\n\n<h4 class=\"wp-block-heading\">Presseberichte in der HNA (Hessische\/Nieders\u00e4chsische Allgemeine)<\/h4>\n\n\n\n<p>28.05.2003 <a rel=\"noopener\" href=\"http:\/\/melanie-dombrowski.de\/anzeigen\/anzeige19.jpg\" target=\"_blank\" data-rel=\"lightbox-gallery-ur61NW1m\" data-magnific_type=\"image\" data-rl_title=\"\" data-rl_caption=\"\" title=\"\">&#8222;Angeklagter bestreitet T\u00f6tungsabsicht&#8220;<\/a><br>02.07.2003 <a rel=\"noopener\" href=\"http:\/\/melanie-dombrowski.de\/anzeigen\/anzeige25.jpg\" target=\"_blank\" data-rel=\"lightbox-gallery-ur61NW1m\" data-magnific_type=\"image\" data-rl_title=\"\" data-rl_caption=\"\" title=\"\">&#8222;Zeugin: Bin nicht sicher, ob Angeklagter T\u00e4ter ist&#8220;<\/a><br>18.07.2003 <a rel=\"noopener\" href=\"http:\/\/melanie-dombrowski.de\/anzeigen\/anzeige28.jpg\" target=\"_blank\" data-rel=\"lightbox-gallery-ur61NW1m\" data-magnific_type=\"image\" data-rl_title=\"\" data-rl_caption=\"\" title=\"\">&#8222;Ich dachte, ich sterbe&#8220;<\/a><br>26.07.2003 <a rel=\"noopener\" href=\"http:\/\/melanie-dombrowski.de\/anzeigen\/anzeige27.jpg\" target=\"_blank\" data-rel=\"lightbox-gallery-ur61NW1m\" data-magnific_type=\"image\" data-rl_title=\"\" data-rl_caption=\"\" title=\"\">&#8222;Skizze brachte Fahnder auf die hei\u00dfe Spur&#8220;<\/a><br>30.09.2003 <a rel=\"noopener\" href=\"http:\/\/melanie-dombrowski.de\/anzeigen\/anzeige35.jpg\" target=\"_blank\" data-rel=\"lightbox-gallery-ur61NW1m\" data-magnific_type=\"image\" data-rl_title=\"\" data-rl_caption=\"\" title=\"\">&#8222;Lebensl\u00e4nglich f\u00fcr Spielhallenmord&#8220;<\/a><\/p>\n\n\n\n<h6 class=\"wp-block-heading\">&nbsp;<\/h6>\n\n\n\n<h4 class=\"wp-block-heading\">Presseberichte in der HAZ (Hannoversche Allgemeine)<\/h4>\n\n\n\n<p>28.05.2003 <a rel=\"noopener\" href=\"http:\/\/melanie-dombrowski.de\/anzeigen\/anzeige21.jpg\" target=\"_blank\" data-rel=\"lightbox-gallery-ur61NW1m\" data-magnific_type=\"image\" data-rl_title=\"\" data-rl_caption=\"\" title=\"\">&#8222;Mann gesteht Raubmord in Spielhalle&#8220;<\/a><br>30.09.2003 <a rel=\"noopener\" href=\"http:\/\/melanie-dombrowski.de\/anzeigen\/anzeige33.jpg\" target=\"_blank\" data-rel=\"lightbox-gallery-ur61NW1m\" data-magnific_type=\"image\" data-rl_title=\"\" data-rl_caption=\"\" title=\"\">&#8222;Brutaler M\u00f6rder muss lebenslang ins Gef\u00e4ngnis&#8220;<\/a><\/p>\n\n\n\n<h6 class=\"wp-block-heading\">&nbsp;<\/h6>\n\n\n\n<h4 class=\"wp-block-heading\">Presseberichte aus Belgien<\/h4>\n\n\n\n<p>Dag allemaal Nr. 24 vom 10.06.2003 <a rel=\"noopener\" href=\"http:\/\/melanie-dombrowski.de\/anzeigen\/presse_belgien\/Presse_Belgien_01.pdf\" target=\"_blank\">Bericht \u00fcber Kelly<\/a> (<a rel=\"noopener\" href=\"http:\/\/melanie-dombrowski.de\/anzeigen\/presse_belgien\/Uebersetzung_01.pdf\" target=\"_blank\">deutsche \u00dcbersetzung<\/a>)<br>Dag allemaal Nr. 31 vom 29.07.2003 <a rel=\"noopener\" href=\"http:\/\/melanie-dombrowski.de\/anzeigen\/presse_belgien\/Presse_Belgien_02.pdf\" target=\"_blank\">Kellys Aussage in Deutschland<\/a> (<a rel=\"noopener\" href=\"http:\/\/melanie-dombrowski.de\/anzeigen\/presse_belgien\/Uebersetzung_02.pdf\" target=\"_blank\">deutsche \u00dcbersetzung<\/a>)<br>Pressebericht zur <a rel=\"noopener\" href=\"http:\/\/melanie-dombrowski.de\/anzeigen\/presse_belgien\/Presse_Belgien_03.pdf\" target=\"_blank\">Rekonstruktion des \u00dcberfalls auf Kelly Hesters<\/a> (<a rel=\"noopener\" href=\"http:\/\/melanie-dombrowski.de\/anzeigen\/presse_belgien\/Uebersetzung_03.pdf\" target=\"_blank\">deutsche \u00dcbersetzung<\/a>)<br>Presseberichte zur <a rel=\"noopener\" href=\"http:\/\/melanie-dombrowski.de\/anzeigen\/presse_belgien\/Presse_Belgien_04.pdf\" target=\"_blank\">Entscheidung des Gerichts<\/a> (<a rel=\"noopener\" href=\"http:\/\/melanie-dombrowski.de\/anzeigen\/presse_belgien\/Uebersetzung_04.pdf\" target=\"_blank\">deutsche \u00dcbersetzung<\/a>)<br>Pressebericht zur <a rel=\"noopener\" href=\"http:\/\/melanie-dombrowski.de\/anzeigen\/presse_belgien\/Presse_Belgien_05.pdf\" target=\"_blank\">\u00dcberweisung an das Gericht in Brugge<\/a> (<a rel=\"noopener\" href=\"http:\/\/melanie-dombrowski.de\/anzeigen\/presse_belgien\/Uebersetzung_05.pdf\" target=\"_blank\">deutsche \u00dcbersetzung<\/a>)<\/p>\n\n\n\n<h6 class=\"wp-block-heading\">&nbsp;<\/h6>\n\n\n\n<h4 class=\"wp-block-heading\">Presseberichte zur Gerichtsverhandlung in Br\u00fcgge<\/h4>\n\n\n\n<p><a href=\"http:\/\/melanie-dombrowski.de\/anzeigen\/presse_belgien\/Presse_Belgien_06.pdf\" target=\"_blank\" rel=\"noopener\">Pressebericht vom 17.10.06<\/a> (<a href=\"http:\/\/melanie-dombrowski.de\/anzeigen\/presse_belgien\/Uebersetzung_06.pdf\" target=\"_blank\" rel=\"noopener\">deutsche \u00dcbersetzung<\/a>)<br><a href=\"http:\/\/melanie-dombrowski.de\/anzeigen\/presse_belgien\/Presse_Belgien_07.pdf\" target=\"_blank\" rel=\"noopener\">Pressebericht vom 17.10.06<\/a> (<a href=\"http:\/\/melanie-dombrowski.de\/anzeigen\/presse_belgien\/Uebersetzung_07.pdf\" target=\"_blank\" rel=\"noopener\">deutsche \u00dcbersetzung<\/a>)<br><a href=\"http:\/\/melanie-dombrowski.de\/anzeigen\/presse_belgien\/Presse_Belgien_08.pdf\" target=\"_blank\" rel=\"noopener\">Pressebericht vom 19.10.06<\/a> (<a href=\"http:\/\/melanie-dombrowski.de\/anzeigen\/presse_belgien\/Uebersetzung_08.pdf\" target=\"_blank\" rel=\"noopener\">deutsche \u00dcbersetzung<\/a>)<\/p>\n","protected":false},"excerpt":{"rendered":"<p> [&hellip;]<\/p>\n","protected":false},"author":1,"featured_media":0,"parent":0,"menu_order":0,"comment_status":"open","ping_status":"open","template":"","meta":{"jetpack_post_was_ever_published":false,"footnotes":""},"class_list":["post-82","page","type-page","status-publish","hentry"],"jetpack_shortlink":"https:\/\/wp.me\/P4Hsy2-1k","jetpack_sharing_enabled":false,"_links":{"self":[{"href":"https:\/\/www.melanie-dombrowski.de\/wordpress\/index.php?rest_route=\/wp\/v2\/pages\/82","targetHints":{"allow":["GET"]}}],"collection":[{"href":"https:\/\/www.melanie-dombrowski.de\/wordpress\/index.php?rest_route=\/wp\/v2\/pages"}],"about":[{"href":"https:\/\/www.melanie-dombrowski.de\/wordpress\/index.php?rest_route=\/wp\/v2\/types\/page"}],"author":[{"embeddable":true,"href":"https:\/\/www.melanie-dombrowski.de\/wordpress\/index.php?rest_route=\/wp\/v2\/users\/1"}],"replies":[{"embeddable":true,"href":"https:\/\/www.melanie-dombrowski.de\/wordpress\/index.php?rest_route=%2Fwp%2Fv2%2Fcomments&post=82"}],"version-history":[{"count":22,"href":"https:\/\/www.melanie-dombrowski.de\/wordpress\/index.php?rest_route=\/wp\/v2\/pages\/82\/revisions"}],"predecessor-version":[{"id":970,"href":"https:\/\/www.melanie-dombrowski.de\/wordpress\/index.php?rest_route=\/wp\/v2\/pages\/82\/revisions\/970"}],"wp:attachment":[{"href":"https:\/\/www.melanie-dombrowski.de\/wordpress\/index.php?rest_route=%2Fwp%2Fv2%2Fmedia&parent=82"}],"curies":[{"name":"wp","href":"https:\/\/api.w.org\/{rel}","templated":true}]}}