{"id":122,"date":"2013-12-31T00:18:31","date_gmt":"2013-12-30T22:18:31","guid":{"rendered":"http:\/\/53946358.swh.strato-hosting.eu\/wordpress\/?page_id=122"},"modified":"2021-03-26T13:45:10","modified_gmt":"2021-03-26T11:45:10","slug":"literatur","status":"publish","type":"page","link":"https:\/\/www.melanie-dombrowski.de\/wordpress\/?page_id=122","title":{"rendered":"Literaturempfehlungen"},"content":{"rendered":"\n<table id=\"tablepress-2\" class=\"tablepress tablepress-id-2\">\n<tbody class=\"row-hover\">\n<tr class=\"row-1\">\n\t<td class=\"column-1\"><img data-recalc-dims=\"1\" loading=\"lazy\" decoding=\"async\" src=\"https:\/\/i0.wp.com\/www.melanie-dombrowski.de\/wordpress\/wp-content\/uploads\/2013\/12\/sogyal_rinpoche.jpg?resize=195%2C300\" alt=\"sogyal_rinpoche\" width=\"195\" height=\"300\" class=\"alignnone size-full wp-image-130\" \/><\/td><td class=\"column-2\"><strong>Das tibetische Buch vom Leben und vom Sterben \u2013 Ein Schl\u00fcssel zum tieferen Verst\u00e4ndnis von Leben und Tod (Mit einem Vorwort des Dalai Lama)<br \/>\nSogyal Rinpoche<\/strong><br \/>\n<br \/>\nWas erhoffe ich mir von diesem Buch? \u2013 Dass es unsere Art und Weise, den Tod zu sehen und mit Sterbenden umzugehen, ebenso grundlegend ver\u00e4ndert wie unsere ganze Sicht des Lebens und den Umgang mit den Lebenden. SOGYAL RINPOCHE<br \/>\n<br \/>\nO.W. Barth Verlag<br \/>\nISBN 3-502-62580-8<\/td>\n<\/tr>\n<tr class=\"row-2\">\n\t<td class=\"column-1\"><img data-recalc-dims=\"1\" loading=\"lazy\" decoding=\"async\" src=\"https:\/\/i0.wp.com\/www.melanie-dombrowski.de\/wordpress\/wp-content\/uploads\/2013\/12\/c_g_jung.jpg?resize=188%2C300\" alt=\"c_g_jung\" width=\"188\" height=\"300\" class=\"alignnone size-full wp-image-123\" \/><\/td><td class=\"column-2\"><strong>Erinnerungen, Tr\u00e4ume, Gedanken von C.G. Jung<br \/>\nAufgezeichnet und herausgegeben von Aniela Jaff\u00e9<\/strong><br \/>\n<br \/>\nNoch kurz vor seinem Tode, zu Beginn seines neunten Jahrzehnts, hat C.G. Jung wesentliche Gedanken \u00fcber sein Werden und sein Werk seiner Mitarbeiterin und Sekret\u00e4rin Aniela Jaff\u00e9 erz\u00e4hlt und sie mit der Aufzeichnung und Gestaltung betraut. Einzelne Teile hat er selber verfasst.<br \/>\n<br \/>\n\u201eDie Erinnerung an die \u00e4u\u00dferen Fakten meines Lebens ist mir zum gr\u00f6\u00dften Teil verbla\u00dft oder entschwunden. Aber die Begegnung mit der inneren Wirklichkeit, der Zusammenprall mit dem Unbewussten, haben sich meinem Ged\u00e4chtnis unverlierbar eingegraben. Ich kann mich nur aus den inneren Geschehnissen verstehen. Sie machen das Besondere meines Lebens aus, und von ihnen handelt meine Autobiographie.\u201c<br \/>\n<br \/>\nDas Buch er\u00f6ffnet \u00fcberaschende Ausblicke sowohl f\u00fcr den, der mit dem Werk C.G. Jungs vertraut ist, wie auch f\u00fcr den, der sich bisher noch nicht mit ihm besch\u00e4ftigt hat. Es gibt kaum eine bessere Einf\u00fchrung in die Geisteswelt eines Forschers als den Bericht \u00fcber das, was an subjektivem Erleben hinter seinen Ideen und Erkenntnissen steht.<br \/>\n<br \/>\nWalter Verlag<br \/>\nISBN 3-530-40734-8<\/td>\n<\/tr>\n<tr class=\"row-3\">\n\t<td class=\"column-1\"><img data-recalc-dims=\"1\" loading=\"lazy\" decoding=\"async\" src=\"https:\/\/i0.wp.com\/www.melanie-dombrowski.de\/wordpress\/wp-content\/uploads\/2013\/12\/elisabeth_kuebler_ross.jpg?resize=207%2C300\" alt=\"elisabeth_kuebler_ross\" width=\"207\" height=\"300\" class=\"alignnone size-full wp-image-124\" \/><\/td><td class=\"column-2\"><strong>\u00dcber den Tod und das Leben danach<br \/>\nElisabeth K\u00fcbler-Ross<\/strong><br \/>\n<br \/>\nAuf dem Gebiet der Sterbe- und Todesforschung hat sich wohl kaum ein Wissenschaftler einen bedeutenderen Namen errungen als die \u00c4rztin Dr. Elisabeth K\u00fcbler-Ross. In ungez\u00e4hlten Stunden an den Betten von Sterbenden hat sie deren Verhalten und Aussagen aufgezeichnet. Dabei ist ihr unter anderem ganz klar geworden, da\u00df jene vom Tode Gezeichneten nicht etwa \u201ehalluzinieren\u201c, wenn sie davon sprechen, Abgeschiedene zu sehen, die schon darauf warten, sie abzuholen. Die Sterbenden und die zur\u00fcckgekehrten klinisch Toten sind die Hauptquellen f\u00fcr ihre wissenschaftlichen Untersuchungen.<br \/>\n<br \/>\nSilberschnurverlag<br \/>\nISBN 3-923-78102-4<\/td>\n<\/tr>\n<tr class=\"row-4\">\n\t<td class=\"column-1\"><img data-recalc-dims=\"1\" loading=\"lazy\" decoding=\"async\" src=\"https:\/\/i0.wp.com\/www.melanie-dombrowski.de\/wordpress\/wp-content\/uploads\/2013\/12\/raymond_moody_leben.jpg?resize=193%2C300\" alt=\"raymond_moody_leben\" width=\"193\" height=\"300\" class=\"alignnone size-full wp-image-128\" \/><\/td><td class=\"column-2\"><strong>Leben nach dem Tod \u2013 Die Erforschung einer unerkl\u00e4rlichen Erfahrung<br \/>\nRaymond A. Moody<\/strong><br \/>\n<br \/>\nAm Anfang stand eine zuf\u00e4llige Begegnung. Ein Medezinprofessor, der einmal f\u00fcr \u201eklinisch tot\u201c erkl\u00e4rt worden war, hatte doch \u00fcberlebt und erz\u00e4hlte nun R.A. Moody, wie er das eigene Ende und das, was danach kam, erfahren, wie er sein eigenes Sterben und Totsein \u201eerlebt\u201c hatte. Im Verlauf einer f\u00fcnfj\u00e4hrigen Untersuchung gelang es Dr. Moody, rund 150 solcher F\u00e4lle ausfindig zu machen. Menschen, die klinisch tot gewesen waren, dann aber doch weitergelebt hatten und nun von ihrer Erfahrung jenseits der Grenze berichten konnten.<br \/>\n<br \/>\nRowohlt Taschenbuch Verlag<br \/>\nISBN 3-499-61349-2<\/td>\n<\/tr>\n<tr class=\"row-5\">\n\t<td class=\"column-1\"><img data-recalc-dims=\"1\" loading=\"lazy\" decoding=\"async\" src=\"https:\/\/i0.wp.com\/www.melanie-dombrowski.de\/wordpress\/wp-content\/uploads\/2013\/12\/raymond_moody_licht.jpg?resize=196%2C300\" alt=\"raymond_moody_licht\" width=\"196\" height=\"300\" class=\"alignnone size-full wp-image-129\" \/><\/td><td class=\"column-2\"><strong>Das Licht von dr\u00fcben \u2013 Neue Fragen und Antworten<br \/>\nRaymond A. Moody<\/strong><br \/>\n<br \/>\nNeue Antworten auf die ewige Menschheitsfrage: Was ist jenseits des Todes?<br \/>\n<br \/>\nDer Arzt Raymond A. Moody hat vor \u00fcber zehn Jahren mit seinem Buch \u201eLeben nach dem Tod\u201c den Anstoss gegeben zu intensiver Sterbe- und Todesn\u00e4heforschung (Thanatologie) in vielen L\u00e4ndern der Welt. Es ist an der Zeit, die Methoden und Resultate der thanatologischen Pioniergeneration sorgf\u00e4ltig zu mustern. Aus \u00fcber 1000 Fallbeispielen w\u00e4hlt Dr. Moody die typischen und die verbl\u00fcffenden aus, um das von ihm formulierte Paradigma der Todesn\u00e4he-Erfahrung auszubauen und abzusichern. Neu in diesem Buch ist die gr\u00fcndliche Untersuchung solcher Fragen wie:<br \/>\n-Welche Auswirkungen hatte die Todesn\u00e4he-Erfahrung auf das sp\u00e4tere Leben der Betroffenen?<br \/>\n-Wie haben die Forscher auf diesem Gebiet ihre Entdeckungen und Schlu\u00dffolgerungen in ihr kausalistisch-schulmedizinisches Weltbild integriert?<br \/>\n-Welche \u00e4rztlichen, welche rechtlichen, welche ethischen Folgen ergeben sich aus dem vom sterblichen K\u00f6rper unabh\u00e4ngigen geistigen Erleben im Grenzbereich?<br \/>\n-Wie verarbeiten Angeh\u00f6rige und Freunde den auff\u00e4lligen Wandel und Werteumschwung ihrer todesn\u00e4heerfahrenen N\u00e4chsten?<br \/>\n<br \/>\nRowohlt Taschenbuch Verlag<br \/>\nISBN 3-498-04315-3<\/td>\n<\/tr>\n<tr class=\"row-6\">\n\t<td class=\"column-1\"><img data-recalc-dims=\"1\" loading=\"lazy\" decoding=\"async\" src=\"https:\/\/i0.wp.com\/www.melanie-dombrowski.de\/wordpress\/wp-content\/uploads\/2013\/12\/joel_rothschild.jpg?resize=202%2C300\" alt=\"joel_rothschild\" width=\"202\" height=\"300\" class=\"alignnone size-full wp-image-125\" \/><\/td><td class=\"column-2\"><strong>Signale \u2013 Eine inspirierende Geschichte \u00fcber das Leben nach dem Tod<br \/>\nJoel Rothschild<\/strong><br \/>\n<br \/>\nAls Albert, Joels Freund, an Aids gestorben ist, glaubt Joel sich selbst verloren. Mitten in seiner schw\u00e4rzesten Stunde aber erwacht in ihm eine spirituelle Kraft, die ihm ein neues Leben beschert. Durch sein Buch l\u00e4sst er den Leser teilhaben an seiner begl\u00fcckenden Erfahrung von der unbegrezten Macht der Liebe und den vielf\u00e4ltigen Botschaften, die keinen Zweifel lassen am Leben nach dem Leben.<br \/>\n<br \/>\nWilhelm Goldmann Verlag<br \/>\nISBN 3-442-21575-7<\/td>\n<\/tr>\n<tr class=\"row-7\">\n\t<td class=\"column-1\"><img data-recalc-dims=\"1\" loading=\"lazy\" decoding=\"async\" src=\"https:\/\/i0.wp.com\/www.melanie-dombrowski.de\/wordpress\/wp-content\/uploads\/2013\/12\/martin_janssen.jpg?resize=183%2C300\" alt=\"martin_janssen\" width=\"183\" height=\"300\" class=\"alignnone size-full wp-image-127\" \/><\/td><td class=\"column-2\"><strong>La\u00dft mich weinen \u2013 Ein Vater trauert um seine Tochter<br \/>\nMartin Janssen<\/strong><br \/>\n<br \/>\nIm Alter von 16 Jahren stirbt die Tochter des Verfassers nach einer Herzoperation. Ein Jahr lang schreibt der Vater seine Gedanken und Gef\u00fchle nieder und lernt so, mit seiner Trauer umzugehen. Ein Buch f\u00fcr trauernde Eltern wie f\u00fcr Menschen, die Trauernde begleiten wollen.<br \/>\n<br \/>\nVandenhoeck &amp; Ruprecht Verlag<br \/>\nISBN 3-525-01820-7<\/td>\n<\/tr>\n<tr class=\"row-8\">\n\t<td class=\"column-1\"><img data-recalc-dims=\"1\" loading=\"lazy\" decoding=\"async\" src=\"https:\/\/i0.wp.com\/www.melanie-dombrowski.de\/wordpress\/wp-content\/uploads\/2013\/12\/tom_crider.jpg?resize=190%2C300\" alt=\"tom_crider\" width=\"190\" height=\"300\" class=\"alignnone size-full wp-image-131\" \/><\/td><td class=\"column-2\"><strong>Der Trauer Worte geben \u2013 Der Weg eines Vaters durch Trauer und Schmerz<br \/>\nTom Crider<\/strong><br \/>\n<br \/>\nEin Kind zu verlieren ist f\u00fcr Eltern die furchtbarste Erfahrung, die sie machen k\u00f6nnen. Tom Crider, der selbst sein enziges Kind verloren hat, beschreibt den Weg durch seine Trauer. Mit beeindruckender Offenheit berichtet er \u00fcber die Weigerung, den Tod seiner Tochter zu akzeptieren, \u00fcber die Auseinandersetzung mit den unterschiedlichen Formen seiner Trauer bis zum schrittweisen Annehmen seines Verlustes. Ein Buch, das Eltern durch die schwierigste Phase nach dem Tod eines Kindes begleiten will.<br \/>\n<br \/>\nScherz Verlag<br \/>\nISBN 3-502-13130-9<\/td>\n<\/tr>\n<tr class=\"row-9\">\n\t<td class=\"column-1\"><img data-recalc-dims=\"1\" loading=\"lazy\" decoding=\"async\" src=\"https:\/\/i0.wp.com\/www.melanie-dombrowski.de\/wordpress\/wp-content\/uploads\/2013\/12\/kenneth_ring.jpg?resize=200%2C300\" alt=\"kenneth_ring\" width=\"200\" height=\"300\" class=\"alignnone size-full wp-image-126\" \/><\/td><td class=\"column-2\"><strong>Im Angesicht des Lichts \u2013 Was wir aus Nah-Tod-Erfahrungen f\u00fcr das Leben gewinnen<br \/>\nKenneth Ring \/ Evelyn Elsaesser-Valarino<\/strong><br \/>\n<br \/>\nNur wenige Menschen durchlebten Nah-Tod-Erfahrungen, doch k\u00f6nnen wir von ihren Erlebnissen profitieren. Kenneth Ring zeichnet Einzelschicksale auf und stellt fest, wie sehr sich ihr Leben zum Positiven ge\u00e4ndert hat. Er zeigt die positive und kraftspendende Wirkung f\u00fcr den Menschen im Hier und Jetzt. Es wird deutlich, wie die Erfahrung des Todes die Einstellung gegen\u00fcber dem Leben beeinflusst, und wie sie f\u00fcr ein bewussteres und intensiveres Leben eingesetzt werden kann.<br \/>\n<br \/>\nAriston Verlag<br \/>\nISBN 3-7205-2101-X<\/td>\n<\/tr>\n<\/tbody>\n<\/table>\n<!-- #tablepress-2 from cache -->\n","protected":false},"excerpt":{"rendered":"","protected":false},"author":1,"featured_media":0,"parent":0,"menu_order":0,"comment_status":"open","ping_status":"open","template":"","meta":{"jetpack_post_was_ever_published":false,"footnotes":""},"class_list":["post-122","page","type-page","status-publish","hentry"],"jetpack_shortlink":"https:\/\/wp.me\/P4Hsy2-1Y","jetpack_sharing_enabled":false,"_links":{"self":[{"href":"https:\/\/www.melanie-dombrowski.de\/wordpress\/index.php?rest_route=\/wp\/v2\/pages\/122","targetHints":{"allow":["GET"]}}],"collection":[{"href":"https:\/\/www.melanie-dombrowski.de\/wordpress\/index.php?rest_route=\/wp\/v2\/pages"}],"about":[{"href":"https:\/\/www.melanie-dombrowski.de\/wordpress\/index.php?rest_route=\/wp\/v2\/types\/page"}],"author":[{"embeddable":true,"href":"https:\/\/www.melanie-dombrowski.de\/wordpress\/index.php?rest_route=\/wp\/v2\/users\/1"}],"replies":[{"embeddable":true,"href":"https:\/\/www.melanie-dombrowski.de\/wordpress\/index.php?rest_route=%2Fwp%2Fv2%2Fcomments&post=122"}],"version-history":[{"count":18,"href":"https:\/\/www.melanie-dombrowski.de\/wordpress\/index.php?rest_route=\/wp\/v2\/pages\/122\/revisions"}],"predecessor-version":[{"id":875,"href":"https:\/\/www.melanie-dombrowski.de\/wordpress\/index.php?rest_route=\/wp\/v2\/pages\/122\/revisions\/875"}],"wp:attachment":[{"href":"https:\/\/www.melanie-dombrowski.de\/wordpress\/index.php?rest_route=%2Fwp%2Fv2%2Fmedia&parent=122"}],"curies":[{"name":"wp","href":"https:\/\/api.w.org\/{rel}","templated":true}]}}